{"id":35246,"date":"2024-04-10T14:27:03","date_gmt":"2024-04-10T12:27:03","guid":{"rendered":"https:\/\/dash.orbis360.ch\/?page_id=35246"},"modified":"2024-04-24T16:49:14","modified_gmt":"2024-04-24T14:49:14","slug":"references","status":"publish","type":"page","link":"https:\/\/orbis360.ch\/de\/references\/","title":{"rendered":"Referenzen"},"content":{"rendered":"\t\t<div data-elementor-type=\"wp-page\" data-elementor-id=\"35246\" class=\"elementor elementor-35246 elementor-35245\" data-elementor-post-type=\"page\">\n\t\t\t\t\t\t\t\t\t<section class=\"elementor-section elementor-top-section elementor-element elementor-element-6efbb16 elementor-section-full_width elementor-section-height-min-height elementor-section-height-default elementor-section-items-middle\" data-id=\"6efbb16\" data-element_type=\"section\" data-settings=\"{&quot;background_background&quot;:&quot;classic&quot;}\">\n\t\t\t\t\t\t\t<div class=\"elementor-background-overlay\"><\/div>\n\t\t\t\t\t\t\t<div class=\"elementor-container elementor-column-gap-no\">\n\t\t\t\t\t<div class=\"elementor-column elementor-col-100 elementor-top-column elementor-element elementor-element-09c201a\" data-id=\"09c201a\" data-element_type=\"column\">\n\t\t\t<div class=\"elementor-widget-wrap elementor-element-populated\">\n\t\t\t\t\t\t\t\t<section class=\"elementor-section elementor-inner-section elementor-element elementor-element-403b673 elementor-section-full_width elementor-section-height-default elementor-section-height-default\" data-id=\"403b673\" data-element_type=\"section\">\n\t\t\t\t\t\t<div class=\"elementor-container elementor-column-gap-no\">\n\t\t\t\t\t<div class=\"elementor-column elementor-col-50 elementor-inner-column elementor-element elementor-element-0f62b0d\" data-id=\"0f62b0d\" data-element_type=\"column\">\n\t\t\t<div class=\"elementor-widget-wrap elementor-element-populated\">\n\t\t\t\t\t\t\t\t<div class=\"elementor-element elementor-element-5c2e396 elementor-widget elementor-widget-heading\" data-id=\"5c2e396\" data-element_type=\"widget\" data-widget_type=\"heading.default\">\n\t\t\t\t<div class=\"elementor-widget-container\">\n\t\t\t<style>\/*! elementor - v3.18.0 - 20-12-2023 *\/\n.elementor-heading-title{padding:0;margin:0;line-height:1}.elementor-widget-heading .elementor-heading-title[class*=elementor-size-]>a{color:inherit;font-size:inherit;line-height:inherit}.elementor-widget-heading .elementor-heading-title.elementor-size-small{font-size:15px}.elementor-widget-heading .elementor-heading-title.elementor-size-medium{font-size:19px}.elementor-widget-heading .elementor-heading-title.elementor-size-large{font-size:29px}.elementor-widget-heading .elementor-heading-title.elementor-size-xl{font-size:39px}.elementor-widget-heading .elementor-heading-title.elementor-size-xxl{font-size:59px}<\/style><h2 class=\"elementor-heading-title elementor-size-default\">Referenzen<\/h2>\t\t<\/div>\n\t\t\t\t<\/div>\n\t\t\t\t\t<\/div>\n\t\t<\/div>\n\t\t\t\t<div class=\"elementor-column elementor-col-50 elementor-inner-column elementor-element elementor-element-75e4dbe\" data-id=\"75e4dbe\" data-element_type=\"column\">\n\t\t\t<div class=\"elementor-widget-wrap\">\n\t\t\t\t\t\t\t\t\t<\/div>\n\t\t<\/div>\n\t\t\t\t\t\t\t<\/div>\n\t\t<\/section>\n\t\t\t\t\t<\/div>\n\t\t<\/div>\n\t\t\t\t\t\t\t<\/div>\n\t\t<\/section>\n\t\t\t\t<section class=\"elementor-section elementor-top-section elementor-element elementor-element-ea8e4d3 elementor-section-boxed elementor-section-height-default elementor-section-height-default\" data-id=\"ea8e4d3\" data-element_type=\"section\" data-settings=\"{&quot;background_background&quot;:&quot;classic&quot;}\">\n\t\t\t\t\t\t<div class=\"elementor-container elementor-column-gap-default\">\n\t\t\t\t\t<div class=\"elementor-column elementor-col-100 elementor-top-column elementor-element elementor-element-196cf7d\" data-id=\"196cf7d\" data-element_type=\"column\">\n\t\t\t<div class=\"elementor-widget-wrap elementor-element-populated\">\n\t\t\t\t\t\t\t\t<div class=\"elementor-element elementor-element-c70385a elementor-widget__width-initial e-transform elementor-mobile-align-left elementor-widget-laptop__width-initial elementor-icon-list--layout-traditional elementor-list-item-link-full_width elementor-widget elementor-widget-icon-list\" data-id=\"c70385a\" data-element_type=\"widget\" data-settings=\"{&quot;_transform_translateX_effect&quot;:{&quot;unit&quot;:&quot;px&quot;,&quot;size&quot;:-59,&quot;sizes&quot;:[]},&quot;_transform_translateX_effect_tablet&quot;:{&quot;unit&quot;:&quot;px&quot;,&quot;size&quot;:-58,&quot;sizes&quot;:[]},&quot;_transform_translateX_effect_mobile&quot;:{&quot;unit&quot;:&quot;px&quot;,&quot;size&quot;:-10,&quot;sizes&quot;:[]},&quot;_transform_translateX_effect_laptop&quot;:{&quot;unit&quot;:&quot;%&quot;,&quot;size&quot;:-7.5,&quot;sizes&quot;:[]},&quot;_transform_translateY_effect_tablet&quot;:{&quot;unit&quot;:&quot;px&quot;,&quot;size&quot;:0,&quot;sizes&quot;:[]},&quot;_transform_translateY_effect&quot;:{&quot;unit&quot;:&quot;px&quot;,&quot;size&quot;:&quot;&quot;,&quot;sizes&quot;:[]},&quot;_transform_translateY_effect_laptop&quot;:{&quot;unit&quot;:&quot;px&quot;,&quot;size&quot;:&quot;&quot;,&quot;sizes&quot;:[]},&quot;_transform_translateY_effect_mobile&quot;:{&quot;unit&quot;:&quot;px&quot;,&quot;size&quot;:&quot;&quot;,&quot;sizes&quot;:[]}}\" data-widget_type=\"icon-list.default\">\n\t\t\t\t<div class=\"elementor-widget-container\">\n\t\t\t<link rel=\"stylesheet\" href=\"https:\/\/orbis360.ch\/wp-content\/uploads\/elementor\/css\/custom-widget-icon-list.min.css?ver=1762788282\">\t\t<ul class=\"elementor-icon-list-items\">\n\t\t\t\t\t\t\t<li class=\"elementor-icon-list-item\">\n\t\t\t\t\t\t\t\t\t\t\t<span class=\"elementor-icon-list-icon\">\n\t\t\t\t\t\t\t<svg xmlns=\"http:\/\/www.w3.org\/2000\/svg\" xmlns:xlink=\"http:\/\/www.w3.org\/1999\/xlink\" width=\"38px\" height=\"14px\" viewBox=\"0 0 38 14\"><title>01D87FF1-82D2-4C4B-8387-4FB0426E7AB5<\/title><g id=\"DESKTOP\" stroke=\"none\" stroke-width=\"1\" fill=\"none\" fill-rule=\"evenodd\"><g id=\"01_&#xC0;-PROPOS\" transform=\"translate(-90.000000, -1783.000000)\" fill=\"#00398D\" fill-rule=\"nonzero\"><g id=\"CONTENU\" transform=\"translate(0.000000, 636.372255)\"><path id=\"spacer\" d=\"M121,1146.62774 C124.865993,1146.62774 128,1149.76175 128,1153.62774 C128,1157.49374 124.865993,1160.62774 121,1160.62774 C117.473531,1160.62774 114.556123,1158.02004 114.07089,1154.62775 L91,1154.62774 C90.4477153,1154.62774 90,1154.18003 90,1153.62774 C90,1153.07546 90.4477153,1152.62774 91,1152.62774 L114.070921,1152.62752 C114.556248,1149.23534 117.473606,1146.62774 121,1146.62774 Z M121,1148.62774 C118.238576,1148.62774 116,1150.86632 116,1153.62774 C116,1156.38917 118.238576,1158.62774 121,1158.62774 C123.761424,1158.62774 126,1156.38917 126,1153.62774 C126,1150.86632 123.761424,1148.62774 121,1148.62774 Z\"><\/path><\/g><\/g><\/g><\/svg>\t\t\t\t\t\t<\/span>\n\t\t\t\t\t\t\t\t\t\t<span class=\"elementor-icon-list-text\">Referenzen<\/span>\n\t\t\t\t\t\t\t\t\t<\/li>\n\t\t\t\t\t\t<\/ul>\n\t\t\t\t<\/div>\n\t\t\t\t<\/div>\n\t\t\t\t<div class=\"elementor-element elementor-element-949f8ea elementor-widget__width-initial elementor-widget-laptop__width-inherit elementor-widget-tablet__width-initial elementor-widget elementor-widget-heading\" data-id=\"949f8ea\" data-element_type=\"widget\" data-widget_type=\"heading.default\">\n\t\t\t\t<div class=\"elementor-widget-container\">\n\t\t\t<h3 class=\"elementor-heading-title elementor-size-default\">Sehen Sie sich unten eine Auswahl an Referenzen f\u00fcr unsere mobilen Kartierungsprojekte an, sowohl auf der Stra\u00dfe, auf der Schiene, auf dem Wasser, in alpinen, d\u00f6rflichen oder st\u00e4dtischen Umgebungen .....<\/h3>\t\t<\/div>\n\t\t\t\t<\/div>\n\t\t\t\t\t<\/div>\n\t\t<\/div>\n\t\t\t\t\t\t\t<\/div>\n\t\t<\/section>\n\t\t\t\t<section class=\"elementor-section elementor-top-section elementor-element elementor-element-6f16992 elementor-section-boxed elementor-section-height-default elementor-section-height-default\" data-id=\"6f16992\" data-element_type=\"section\">\n\t\t\t\t\t\t<div class=\"elementor-container elementor-column-gap-default\">\n\t\t\t\t\t<div class=\"elementor-column elementor-col-100 elementor-top-column elementor-element elementor-element-74b41d7\" data-id=\"74b41d7\" data-element_type=\"column\">\n\t\t\t<div class=\"elementor-widget-wrap elementor-element-populated\">\n\t\t\t\t\t\t\t\t<div class=\"elementor-element elementor-element-6efe43b elementor-widget elementor-widget-html\" data-id=\"6efe43b\" data-element_type=\"widget\" data-widget_type=\"html.default\">\n\t\t\t\t<div class=\"elementor-widget-container\">\n\t\t\t<iframe id=\"orbis360_reference\" title=\"Nos r\u00e9f\u00e9rences\" src=\"https:\/\/orbis360-embadded.orbis360.ch\/embedded\/reference?lang=de\" width=\"100%\" height=\"1500px\">\n<\/iframe>\n\t\t<\/div>\n\t\t\t\t<\/div>\n\t\t\t\t\t<\/div>\n\t\t<\/div>\n\t\t\t\t\t\t\t<\/div>\n\t\t<\/section>\n\t\t\t\t\t\t\t<\/div>\n\t\t","protected":false},"excerpt":{"rendered":"<p>Referenzen 01D87FF1-82D2-4C4B-8387-4FB0426E7AB5 Referenzen Sehen Sie sich unten eine Auswahl an Referenzen f\u00fcr unsere mobilen Kartierungsprojekte an, sowohl auf der Stra\u00dfe, auf der Schiene, auf dem Wasser, in alpinen, d\u00f6rflichen oder st\u00e4dtischen Umgebungen &#8230;..<\/p>\n","protected":false},"author":1,"featured_media":0,"parent":0,"menu_order":2,"comment_status":"closed","ping_status":"closed","template":"","meta":{"inline_featured_image":false,"footnotes":""},"class_list":["post-35246","page","type-page","status-publish","hentry"],"_links":{"self":[{"href":"https:\/\/orbis360.ch\/de\/wp-json\/wp\/v2\/pages\/35246","targetHints":{"allow":["GET"]}}],"collection":[{"href":"https:\/\/orbis360.ch\/de\/wp-json\/wp\/v2\/pages"}],"about":[{"href":"https:\/\/orbis360.ch\/de\/wp-json\/wp\/v2\/types\/page"}],"author":[{"embeddable":true,"href":"https:\/\/orbis360.ch\/de\/wp-json\/wp\/v2\/users\/1"}],"replies":[{"embeddable":true,"href":"https:\/\/orbis360.ch\/de\/wp-json\/wp\/v2\/comments?post=35246"}],"version-history":[{"count":72,"href":"https:\/\/orbis360.ch\/de\/wp-json\/wp\/v2\/pages\/35246\/revisions"}],"predecessor-version":[{"id":39905,"href":"https:\/\/orbis360.ch\/de\/wp-json\/wp\/v2\/pages\/35246\/revisions\/39905"}],"wp:attachment":[{"href":"https:\/\/orbis360.ch\/de\/wp-json\/wp\/v2\/media?parent=35246"}],"curies":[{"name":"wp","href":"https:\/\/api.w.org\/{rel}","templated":true}]}}